{"id":16,"date":"2023-09-09T05:04:59","date_gmt":"2023-09-09T05:04:59","guid":{"rendered":"https:\/\/martinescamilla.com\/?page_id=16"},"modified":"2024-02-03T22:37:18","modified_gmt":"2024-02-03T22:37:18","slug":"que-hacemos","status":"publish","type":"page","link":"https:\/\/martinescamilla.com\/index.php\/que-hacemos\/","title":{"rendered":"Que hacemos"},"content":{"rendered":"\t\t<div data-elementor-type=\"wp-page\" data-elementor-id=\"16\" class=\"elementor elementor-16\">\n\t\t\t\t\t\t<section class=\"elementor-section elementor-top-section elementor-element elementor-element-6cb27a47 elementor-section-boxed elementor-section-height-default elementor-section-height-default\" data-id=\"6cb27a47\" data-element_type=\"section\">\n\t\t\t\t\t\t<div class=\"elementor-container elementor-column-gap-default\">\n\t\t\t\t\t<div class=\"elementor-column elementor-col-100 elementor-top-column elementor-element elementor-element-69b06e82\" data-id=\"69b06e82\" data-element_type=\"column\">\n\t\t\t<div class=\"elementor-widget-wrap elementor-element-populated\">\n\t\t\t\t\t\t<div class=\"elementor-element elementor-element-190a7411 elementor-widget elementor-widget-heading\" data-id=\"190a7411\" data-element_type=\"widget\" data-widget_type=\"heading.default\">\n\t\t\t\t<div class=\"elementor-widget-container\">\n\t\t\t<style>\/*! elementor - v3.19.0 - 29-01-2024 *\/\n.elementor-heading-title{padding:0;margin:0;line-height:1}.elementor-widget-heading .elementor-heading-title[class*=elementor-size-]>a{color:inherit;font-size:inherit;line-height:inherit}.elementor-widget-heading .elementor-heading-title.elementor-size-small{font-size:15px}.elementor-widget-heading .elementor-heading-title.elementor-size-medium{font-size:19px}.elementor-widget-heading .elementor-heading-title.elementor-size-large{font-size:29px}.elementor-widget-heading .elementor-heading-title.elementor-size-xl{font-size:39px}.elementor-widget-heading .elementor-heading-title.elementor-size-xxl{font-size:59px}<\/style><h2 class=\"elementor-heading-title elementor-size-default\">\u00bfQu\u00e9 hacemos? <\/h2>\t\t<\/div>\n\t\t\t\t<\/div>\n\t\t\t\t\t<\/div>\n\t\t<\/div>\n\t\t\t\t\t<\/div>\n\t\t<\/section>\n\t\t\t\t<section class=\"elementor-section elementor-top-section elementor-element elementor-element-5d9ec356 elementor-section-boxed elementor-section-height-default elementor-section-height-default\" data-id=\"5d9ec356\" data-element_type=\"section\">\n\t\t\t\t\t\t<div class=\"elementor-container elementor-column-gap-default\">\n\t\t\t\t\t<div class=\"elementor-column elementor-col-100 elementor-top-column elementor-element elementor-element-14df66dc\" data-id=\"14df66dc\" data-element_type=\"column\">\n\t\t\t<div class=\"elementor-widget-wrap elementor-element-populated\">\n\t\t\t\t\t\t<section class=\"elementor-section elementor-inner-section elementor-element elementor-element-339ab419 elementor-section-boxed elementor-section-height-default elementor-section-height-default\" data-id=\"339ab419\" data-element_type=\"section\">\n\t\t\t\t\t\t<div class=\"elementor-container elementor-column-gap-default\">\n\t\t\t\t\t<div class=\"elementor-column elementor-col-50 elementor-inner-column elementor-element elementor-element-3a09f631\" data-id=\"3a09f631\" data-element_type=\"column\">\n\t\t\t<div class=\"elementor-widget-wrap elementor-element-populated\">\n\t\t\t\t\t\t<div class=\"elementor-element elementor-element-1bd2fdab elementor-widget elementor-widget-image\" data-id=\"1bd2fdab\" data-element_type=\"widget\" data-widget_type=\"image.default\">\n\t\t\t\t<div class=\"elementor-widget-container\">\n\t\t\t<style>\/*! elementor - v3.19.0 - 29-01-2024 *\/\n.elementor-widget-image{text-align:center}.elementor-widget-image a{display:inline-block}.elementor-widget-image a img[src$=\".svg\"]{width:48px}.elementor-widget-image img{vertical-align:middle;display:inline-block}<\/style>\t\t\t\t\t\t\t\t\t\t<img decoding=\"async\" width=\"44\" height=\"23\" src=\"https:\/\/martinescamilla.com\/wp-content\/uploads\/2023\/09\/Recurso-6-1.png\" class=\"attachment-large size-large wp-image-26\" alt=\"\" \/>\t\t\t\t\t\t\t\t\t\t\t\t\t<\/div>\n\t\t\t\t<\/div>\n\t\t\t\t\t<\/div>\n\t\t<\/div>\n\t\t\t\t<div class=\"elementor-column elementor-col-50 elementor-inner-column elementor-element elementor-element-d1a94ed\" data-id=\"d1a94ed\" data-element_type=\"column\">\n\t\t\t<div class=\"elementor-widget-wrap elementor-element-populated\">\n\t\t\t\t\t\t<div class=\"elementor-element elementor-element-6201c51c elementor-widget elementor-widget-heading\" data-id=\"6201c51c\" data-element_type=\"widget\" data-widget_type=\"heading.default\">\n\t\t\t\t<div class=\"elementor-widget-container\">\n\t\t\t<h2 class=\"elementor-heading-title elementor-size-default\">Accidentes de Trabajo y Enfermedades Profesionales<\/h2>\t\t<\/div>\n\t\t\t\t<\/div>\n\t\t\t\t<div class=\"elementor-element elementor-element-41bd1594 elementor-widget elementor-widget-text-editor\" data-id=\"41bd1594\" data-element_type=\"widget\" data-widget_type=\"text-editor.default\">\n\t\t\t\t<div class=\"elementor-widget-container\">\n\t\t\t<style>\/*! elementor - v3.19.0 - 29-01-2024 *\/\n.elementor-widget-text-editor.elementor-drop-cap-view-stacked .elementor-drop-cap{background-color:#69727d;color:#fff}.elementor-widget-text-editor.elementor-drop-cap-view-framed .elementor-drop-cap{color:#69727d;border:3px solid;background-color:transparent}.elementor-widget-text-editor:not(.elementor-drop-cap-view-default) .elementor-drop-cap{margin-top:8px}.elementor-widget-text-editor:not(.elementor-drop-cap-view-default) .elementor-drop-cap-letter{width:1em;height:1em}.elementor-widget-text-editor .elementor-drop-cap{float:left;text-align:center;line-height:1;font-size:50px}.elementor-widget-text-editor .elementor-drop-cap-letter{display:inline-block}<\/style>\t\t\t\t<p>Asesoramiento y representaci\u00f3n de los trabajadores en:<\/p><p>\u2022 Accidentes en el trabajo;<\/p><p>\u2022 Accidentes en el trayecto hacia o desde el trabajo (accidentes in itinere); y Enfermedades profesionales con el fin de lograr:\u00a0<\/p><ul><li>prestaciones en especie (Atenci\u00f3n M\u00e9dica, rehabilitaci\u00f3n, cirug\u00edas, etc),<\/li><li>prestaciones en dinero,<\/li><li>indemnizaci\u00f3n por incapacidad,<\/li><li>prestaci\u00f3n por gran invalidez<\/li><li>e indemnizaci\u00f3n a los derechohabientes de un trabajador fallecido.<\/li><\/ul>\t\t\t\t\t\t<\/div>\n\t\t\t\t<\/div>\n\t\t\t\t\t<\/div>\n\t\t<\/div>\n\t\t\t\t\t<\/div>\n\t\t<\/section>\n\t\t\t\t<section class=\"elementor-section elementor-inner-section elementor-element elementor-element-565f7583 elementor-section-boxed elementor-section-height-default elementor-section-height-default\" data-id=\"565f7583\" data-element_type=\"section\">\n\t\t\t\t\t\t<div class=\"elementor-container elementor-column-gap-default\">\n\t\t\t\t\t<div class=\"elementor-column elementor-col-50 elementor-inner-column elementor-element elementor-element-6932b3a7\" data-id=\"6932b3a7\" data-element_type=\"column\">\n\t\t\t<div class=\"elementor-widget-wrap elementor-element-populated\">\n\t\t\t\t\t\t<div class=\"elementor-element elementor-element-4a7e6de elementor-widget elementor-widget-image\" data-id=\"4a7e6de\" data-element_type=\"widget\" data-widget_type=\"image.default\">\n\t\t\t\t<div class=\"elementor-widget-container\">\n\t\t\t\t\t\t\t\t\t\t\t\t\t<img decoding=\"async\" width=\"44\" height=\"23\" src=\"https:\/\/martinescamilla.com\/wp-content\/uploads\/2023\/09\/Recurso-6-1.png\" class=\"attachment-large size-large wp-image-26\" alt=\"\" \/>\t\t\t\t\t\t\t\t\t\t\t\t\t<\/div>\n\t\t\t\t<\/div>\n\t\t\t\t\t<\/div>\n\t\t<\/div>\n\t\t\t\t<div class=\"elementor-column elementor-col-50 elementor-inner-column elementor-element elementor-element-5bb15aa2\" data-id=\"5bb15aa2\" data-element_type=\"column\">\n\t\t\t<div class=\"elementor-widget-wrap elementor-element-populated\">\n\t\t\t\t\t\t<div class=\"elementor-element elementor-element-10947367 elementor-widget elementor-widget-heading\" data-id=\"10947367\" data-element_type=\"widget\" data-widget_type=\"heading.default\">\n\t\t\t\t<div class=\"elementor-widget-container\">\n\t\t\t<h2 class=\"elementor-heading-title elementor-size-default\">Derecho Laboral Individual y Colectivo<\/h2>\t\t<\/div>\n\t\t\t\t<\/div>\n\t\t\t\t<div class=\"elementor-element elementor-element-725d0cd4 elementor-widget elementor-widget-text-editor\" data-id=\"725d0cd4\" data-element_type=\"widget\" data-widget_type=\"text-editor.default\">\n\t\t\t\t<div class=\"elementor-widget-container\">\n\t\t\t\t\t\t\t<p>Nuestra experiencia tanto en el sector privado, como en el gremial, nos permite asesorar y representar\u00a0 a los trabajadores, gremios y empresas en casos de:\u00a0<\/p><ul><li>Suspensiones;<\/li><li>Despidos;<\/li><li>Falta de pago o incorrecta liquidaci\u00f3n de sueldos;<\/li><li>Trabajo en negro;<\/li><li>Acoso y maltrato laboral;<\/li><li>Fraude laboral;<\/li><li>Reinstalaciones de representantes sindicales;<\/li><li>Despidos discriminatorios por alguna condici\u00f3n especial (Embarazo, enfermedad, representaci\u00f3n sindical, entre otros).\u00a0<\/li><\/ul>\t\t\t\t\t\t<\/div>\n\t\t\t\t<\/div>\n\t\t\t\t\t<\/div>\n\t\t<\/div>\n\t\t\t\t\t<\/div>\n\t\t<\/section>\n\t\t\t\t<section class=\"elementor-section elementor-inner-section elementor-element elementor-element-6d7ad1b3 elementor-section-boxed elementor-section-height-default elementor-section-height-default\" data-id=\"6d7ad1b3\" data-element_type=\"section\">\n\t\t\t\t\t\t<div class=\"elementor-container elementor-column-gap-default\">\n\t\t\t\t\t<div class=\"elementor-column elementor-col-50 elementor-inner-column elementor-element elementor-element-5ac5039e\" data-id=\"5ac5039e\" data-element_type=\"column\">\n\t\t\t<div class=\"elementor-widget-wrap elementor-element-populated\">\n\t\t\t\t\t\t<div class=\"elementor-element elementor-element-542766bb elementor-widget elementor-widget-image\" data-id=\"542766bb\" data-element_type=\"widget\" data-widget_type=\"image.default\">\n\t\t\t\t<div class=\"elementor-widget-container\">\n\t\t\t\t\t\t\t\t\t\t\t\t\t<img decoding=\"async\" width=\"44\" height=\"23\" src=\"https:\/\/martinescamilla.com\/wp-content\/uploads\/2023\/09\/Recurso-6-1.png\" class=\"attachment-large size-large wp-image-26\" alt=\"\" \/>\t\t\t\t\t\t\t\t\t\t\t\t\t<\/div>\n\t\t\t\t<\/div>\n\t\t\t\t\t<\/div>\n\t\t<\/div>\n\t\t\t\t<div class=\"elementor-column elementor-col-50 elementor-inner-column elementor-element elementor-element-5fb138ac\" data-id=\"5fb138ac\" data-element_type=\"column\">\n\t\t\t<div class=\"elementor-widget-wrap elementor-element-populated\">\n\t\t\t\t\t\t<div class=\"elementor-element elementor-element-2c49a9e2 elementor-widget elementor-widget-heading\" data-id=\"2c49a9e2\" data-element_type=\"widget\" data-widget_type=\"heading.default\">\n\t\t\t\t<div class=\"elementor-widget-container\">\n\t\t\t<h2 class=\"elementor-heading-title elementor-size-default\">Da\u00f1os y Perjuicios<\/h2>\t\t<\/div>\n\t\t\t\t<\/div>\n\t\t\t\t<div class=\"elementor-element elementor-element-699ac586 elementor-widget elementor-widget-text-editor\" data-id=\"699ac586\" data-element_type=\"widget\" data-widget_type=\"text-editor.default\">\n\t\t\t\t<div class=\"elementor-widget-container\">\n\t\t\t\t\t\t\t<p>Reclamos extrajudiciales ante aseguradoras y representaci\u00f3n en juicio en reclamo de INDEMNIZACIONES de da\u00f1os y perjuicios patrimoniales y extrapatrimoniales ocasionados por accidentes de tr\u00e1nsito; por da\u00f1os causados por malas praxis, da\u00f1os causados por productos elaborados\u00a0 defectuosos; da\u00f1os en el derecho de familia; da\u00f1os por el empleo de medios digitales; responsabilidad de las empresas por da\u00f1os ocasionados por sus dependientes, de los padres por los da\u00f1os causados por sus hijos; de los profesionales liberales; de los medios masivos de comunicaci\u00f3n; de los buscadores de internet; de los proveedores de servicios financieros, entre otros.<\/p>\t\t\t\t\t\t<\/div>\n\t\t\t\t<\/div>\n\t\t\t\t\t<\/div>\n\t\t<\/div>\n\t\t\t\t\t<\/div>\n\t\t<\/section>\n\t\t\t\t<section class=\"elementor-section elementor-inner-section elementor-element elementor-element-299cb698 elementor-section-boxed elementor-section-height-default elementor-section-height-default\" data-id=\"299cb698\" data-element_type=\"section\">\n\t\t\t\t\t\t<div class=\"elementor-container elementor-column-gap-default\">\n\t\t\t\t\t<div class=\"elementor-column elementor-col-50 elementor-inner-column elementor-element elementor-element-1dac394e\" data-id=\"1dac394e\" data-element_type=\"column\">\n\t\t\t<div class=\"elementor-widget-wrap elementor-element-populated\">\n\t\t\t\t\t\t<div class=\"elementor-element elementor-element-67889cf5 elementor-widget elementor-widget-image\" data-id=\"67889cf5\" data-element_type=\"widget\" data-widget_type=\"image.default\">\n\t\t\t\t<div class=\"elementor-widget-container\">\n\t\t\t\t\t\t\t\t\t\t\t\t\t<img decoding=\"async\" width=\"44\" height=\"23\" src=\"https:\/\/martinescamilla.com\/wp-content\/uploads\/2023\/09\/Recurso-6-1.png\" class=\"attachment-large size-large wp-image-26\" alt=\"\" \/>\t\t\t\t\t\t\t\t\t\t\t\t\t<\/div>\n\t\t\t\t<\/div>\n\t\t\t\t\t<\/div>\n\t\t<\/div>\n\t\t\t\t<div class=\"elementor-column elementor-col-50 elementor-inner-column elementor-element elementor-element-3f5e56f3\" data-id=\"3f5e56f3\" data-element_type=\"column\">\n\t\t\t<div class=\"elementor-widget-wrap elementor-element-populated\">\n\t\t\t\t\t\t<div class=\"elementor-element elementor-element-b81e961 elementor-widget elementor-widget-heading\" data-id=\"b81e961\" data-element_type=\"widget\" data-widget_type=\"heading.default\">\n\t\t\t\t<div class=\"elementor-widget-container\">\n\t\t\t<h2 class=\"elementor-heading-title elementor-size-default\">Amparos de Salud<\/h2>\t\t<\/div>\n\t\t\t\t<\/div>\n\t\t\t\t<div class=\"elementor-element elementor-element-17683f8a elementor-widget elementor-widget-text-editor\" data-id=\"17683f8a\" data-element_type=\"widget\" data-widget_type=\"text-editor.default\">\n\t\t\t\t<div class=\"elementor-widget-container\">\n\t\t\t\t\t\t\t<p>Asesoramiento y representaci\u00f3n ante la JusticIa Federal, por incumplimientos de Obras Sociales y Prepagas en supuestos de:<\/p><p>\u2022 Negativa de cobertura de cirug\u00edas e intervenciones quir\u00fargicas, rehabilitaciones, tratamientos m\u00e9dicos;\u00a0<\/p><p>\u2022 Falta de provisi\u00f3n de medicamentos:<\/p><p>\u2022 Negativa a la provisi\u00f3n de Docentes de Apoyo a la Inclusi\u00f3n (DAI), Acompa\u00f1ante Terap\u00e9uticos (AT), y otros profesionales.\u00a0<\/p><p>\u2022 Entre otros.<\/p>\t\t\t\t\t\t<\/div>\n\t\t\t\t<\/div>\n\t\t\t\t\t<\/div>\n\t\t<\/div>\n\t\t\t\t\t<\/div>\n\t\t<\/section>\n\t\t\t\t<section class=\"elementor-section elementor-inner-section elementor-element elementor-element-13a88020 elementor-section-boxed elementor-section-height-default elementor-section-height-default\" data-id=\"13a88020\" data-element_type=\"section\">\n\t\t\t\t\t\t<div class=\"elementor-container elementor-column-gap-default\">\n\t\t\t\t\t<div class=\"elementor-column elementor-col-50 elementor-inner-column elementor-element elementor-element-318a372e\" data-id=\"318a372e\" data-element_type=\"column\">\n\t\t\t<div class=\"elementor-widget-wrap elementor-element-populated\">\n\t\t\t\t\t\t<div class=\"elementor-element elementor-element-89f95ca elementor-widget elementor-widget-image\" data-id=\"89f95ca\" data-element_type=\"widget\" data-widget_type=\"image.default\">\n\t\t\t\t<div class=\"elementor-widget-container\">\n\t\t\t\t\t\t\t\t\t\t\t\t\t<img decoding=\"async\" width=\"44\" height=\"23\" src=\"https:\/\/martinescamilla.com\/wp-content\/uploads\/2023\/09\/Recurso-6-1.png\" class=\"attachment-large size-large wp-image-26\" alt=\"\" \/>\t\t\t\t\t\t\t\t\t\t\t\t\t<\/div>\n\t\t\t\t<\/div>\n\t\t\t\t\t<\/div>\n\t\t<\/div>\n\t\t\t\t<div class=\"elementor-column elementor-col-50 elementor-inner-column elementor-element elementor-element-6fa1ba8d\" data-id=\"6fa1ba8d\" data-element_type=\"column\">\n\t\t\t<div class=\"elementor-widget-wrap elementor-element-populated\">\n\t\t\t\t\t\t<div class=\"elementor-element elementor-element-4283984c elementor-widget elementor-widget-heading\" data-id=\"4283984c\" data-element_type=\"widget\" data-widget_type=\"heading.default\">\n\t\t\t\t<div class=\"elementor-widget-container\">\n\t\t\t<h2 class=\"elementor-heading-title elementor-size-default\">Otros servicios:<\/h2>\t\t<\/div>\n\t\t\t\t<\/div>\n\t\t\t\t<div class=\"elementor-element elementor-element-7f0eee6e elementor-widget elementor-widget-text-editor\" data-id=\"7f0eee6e\" data-element_type=\"widget\" data-widget_type=\"text-editor.default\">\n\t\t\t\t<div class=\"elementor-widget-container\">\n\t\t\t\t\t\t\t<p>Asesoramiento y dictamen normativo y pr\u00e1ctico de empresas de base tecnol\u00f3gica y actividades vinculadas a la econom\u00eda del conocimiento, como as\u00ed tambi\u00e9n capacitaci\u00f3n a colegas abogados, directivos y personal de empresas, en:\u00a0<\/p><p>\u2022 Materia de derecho electr\u00f3nico<\/p><p>\u2022 Proceso y prueba electr\u00f3nica;<\/p><p>\u2022 Redacci\u00f3n de contratos inform\u00e1ticos o con elementos inform\u00e1ticos, licencias, avisos legales, y acuerdos de confidencialidad;<\/p><p>\u2022 Ejecuci\u00f3n de t\u00edtulos electr\u00f3nicos (E-cheq);<\/p><p>\u2022 Estafas y delitos contra el honor cometidos por medio de redes sociales,<\/p><p>\u2022 Trabajadores de plataformas digitales (Pedidos Ya, Rappi, Glovo, etc.)<\/p><p>\u2022 Derecho Empresario y Derecho Individual y Colectivo del Trabajo.<\/p>\t\t\t\t\t\t<\/div>\n\t\t\t\t<\/div>\n\t\t\t\t\t<\/div>\n\t\t<\/div>\n\t\t\t\t\t<\/div>\n\t\t<\/section>\n\t\t\t\t\t<\/div>\n\t\t<\/div>\n\t\t\t\t\t<\/div>\n\t\t<\/section>\n\t\t\t\t<\/div>\n\t\t","protected":false},"excerpt":{"rendered":"<p>\u00bfQu\u00e9 hacemos? Accidentes de Trabajo y Enfermedades Profesionales Asesoramiento y representaci\u00f3n de los trabajadores en: \u2022 Accidentes en el trabajo; \u2022 Accidentes en el trayecto hacia o desde el trabajo (accidentes in itinere); y Enfermedades profesionales con el fin de lograr:\u00a0 prestaciones en especie (Atenci\u00f3n M\u00e9dica, rehabilitaci\u00f3n, cirug\u00edas, etc), prestaciones en dinero, indemnizaci\u00f3n por incapacidad, [&hellip;]<\/p>\n","protected":false},"author":1,"featured_media":0,"parent":0,"menu_order":0,"comment_status":"closed","ping_status":"closed","template":"","meta":{"_monsterinsights_skip_tracking":false,"_monsterinsights_sitenote_active":false,"_monsterinsights_sitenote_note":"","_monsterinsights_sitenote_category":0,"footnotes":"","_joinchat":[]},"aioseo_notices":[],"_links":{"self":[{"href":"https:\/\/martinescamilla.com\/index.php\/wp-json\/wp\/v2\/pages\/16"}],"collection":[{"href":"https:\/\/martinescamilla.com\/index.php\/wp-json\/wp\/v2\/pages"}],"about":[{"href":"https:\/\/martinescamilla.com\/index.php\/wp-json\/wp\/v2\/types\/page"}],"author":[{"embeddable":true,"href":"https:\/\/martinescamilla.com\/index.php\/wp-json\/wp\/v2\/users\/1"}],"replies":[{"embeddable":true,"href":"https:\/\/martinescamilla.com\/index.php\/wp-json\/wp\/v2\/comments?post=16"}],"version-history":[{"count":16,"href":"https:\/\/martinescamilla.com\/index.php\/wp-json\/wp\/v2\/pages\/16\/revisions"}],"predecessor-version":[{"id":380,"href":"https:\/\/martinescamilla.com\/index.php\/wp-json\/wp\/v2\/pages\/16\/revisions\/380"}],"wp:attachment":[{"href":"https:\/\/martinescamilla.com\/index.php\/wp-json\/wp\/v2\/media?parent=16"}],"curies":[{"name":"wp","href":"https:\/\/api.w.org\/{rel}","templated":true}]}}